{"id":38,"date":"2025-10-08T18:33:15","date_gmt":"2025-10-08T16:33:15","guid":{"rendered":"https:\/\/apsyge.fr\/?page_id=38"},"modified":"2025-10-08T19:12:09","modified_gmt":"2025-10-08T17:12:09","slug":"intervision","status":"publish","type":"page","link":"https:\/\/apsyge.fr\/index.php\/intervision\/","title":{"rendered":"Intervision"},"content":{"rendered":"\n<p>L\u2019intervision est un dispositif d\u2019analyse des pratiques professionnelles, sans pr\u00e9sence de superviseur.<\/p>\n\n\n\n<p>Les psychologues en EHPAD ou tout autre&nbsp; institution g\u00e9riatrique se sentent souvent seul dans l\u2019exercice de leur pratique.<\/p>\n\n\n\n<p>L\u2019aPSYG\u00e9 souhaite offrir \u00e0 ses adh\u00e9rents un lieu d\u2019\u00e9tayage et d\u2019\u00e9change, afin de trouver dans le collectif de quoi nourrir leur clinique et contribuer ainsi \u00e0 la formation n\u00e9cessaire pour tout professionnel du soin psychique.<\/p>\n\n\n\n<p>L\u2019association propose donc la possibilit\u00e9 de former des groupes d\u2019intervision, en autogestion.<\/p>\n\n\n\n<p>Les membres des groupes choisissent le lieu et la fr\u00e9quence de leurs rencontres, les th\u00e8mes abord\u00e9s. Les personnes int\u00e9ress\u00e9es pourront se signaler \u00e0 l\u2019APsyG\u00e9, en pr\u00e9cisant leurs pr\u00e9f\u00e9rences g\u00e9ographiques.&nbsp;<\/p>\n","protected":false},"excerpt":{"rendered":"<p>L\u2019intervision est un dispositif d\u2019analyse des pratiques professionnelles, sans pr\u00e9sence de superviseur. Les psychologues en EHPAD ou tout autre&nbsp; institution g\u00e9riatrique se sentent souvent seul dans l\u2019exercice de leur pratique. L\u2019aPSYG\u00e9 souhaite offrir \u00e0 ses adh\u00e9rents un lieu d\u2019\u00e9tayage et d\u2019\u00e9change, afin de trouver dans le collectif de quoi nourrir leur clinique et contribuer ainsi [&hellip;]<\/p>\n","protected":false},"author":1,"featured_media":0,"parent":0,"menu_order":0,"comment_status":"closed","ping_status":"closed","template":"","meta":{"footnotes":""},"class_list":["post-38","page","type-page","status-publish","hentry"],"_links":{"self":[{"href":"https:\/\/apsyge.fr\/index.php\/wp-json\/wp\/v2\/pages\/38","targetHints":{"allow":["GET"]}}],"collection":[{"href":"https:\/\/apsyge.fr\/index.php\/wp-json\/wp\/v2\/pages"}],"about":[{"href":"https:\/\/apsyge.fr\/index.php\/wp-json\/wp\/v2\/types\/page"}],"author":[{"embeddable":true,"href":"https:\/\/apsyge.fr\/index.php\/wp-json\/wp\/v2\/users\/1"}],"replies":[{"embeddable":true,"href":"https:\/\/apsyge.fr\/index.php\/wp-json\/wp\/v2\/comments?post=38"}],"version-history":[{"count":3,"href":"https:\/\/apsyge.fr\/index.php\/wp-json\/wp\/v2\/pages\/38\/revisions"}],"predecessor-version":[{"id":60,"href":"https:\/\/apsyge.fr\/index.php\/wp-json\/wp\/v2\/pages\/38\/revisions\/60"}],"wp:attachment":[{"href":"https:\/\/apsyge.fr\/index.php\/wp-json\/wp\/v2\/media?parent=38"}],"curies":[{"name":"wp","href":"https:\/\/api.w.org\/{rel}","templated":true}]}}