{"id":37,"date":"2025-10-08T18:33:15","date_gmt":"2025-10-08T16:33:15","guid":{"rendered":"https:\/\/apsyge.fr\/?page_id=37"},"modified":"2025-10-08T19:17:40","modified_gmt":"2025-10-08T17:17:40","slug":"soirees-re-creation","status":"publish","type":"page","link":"https:\/\/apsyge.fr\/index.php\/soirees-re-creation\/","title":{"rendered":"Soir\u00e9es Re-cr\u00e9ation"},"content":{"rendered":"\n<p>Temps d\u2019\u00e9changes et de ressourcement autour de nos pratiques cliniques.<\/p>\n\n\n\n<p>Nous invitons des coll\u00e8gues \u00e0 venir pr\u00e9senter des projets men\u00e9s au sein de leurs institutions, des exp\u00e9riences cliniques mais aussi des travaux de recherche.<\/p>\n\n\n\n<p>Ces soir\u00e9es sont ouvertes \u00e0 tout professionnel de la g\u00e9riatrie.<\/p>\n","protected":false},"excerpt":{"rendered":"<p>Temps d\u2019\u00e9changes et de ressourcement autour de nos pratiques cliniques. Nous invitons des coll\u00e8gues \u00e0 venir pr\u00e9senter des projets men\u00e9s au sein de leurs institutions, des exp\u00e9riences cliniques mais aussi des travaux de recherche. Ces soir\u00e9es sont ouvertes \u00e0 tout professionnel de la g\u00e9riatrie.<\/p>\n","protected":false},"author":1,"featured_media":0,"parent":0,"menu_order":0,"comment_status":"closed","ping_status":"closed","template":"","meta":{"footnotes":""},"class_list":["post-37","page","type-page","status-publish","hentry"],"_links":{"self":[{"href":"https:\/\/apsyge.fr\/index.php\/wp-json\/wp\/v2\/pages\/37","targetHints":{"allow":["GET"]}}],"collection":[{"href":"https:\/\/apsyge.fr\/index.php\/wp-json\/wp\/v2\/pages"}],"about":[{"href":"https:\/\/apsyge.fr\/index.php\/wp-json\/wp\/v2\/types\/page"}],"author":[{"embeddable":true,"href":"https:\/\/apsyge.fr\/index.php\/wp-json\/wp\/v2\/users\/1"}],"replies":[{"embeddable":true,"href":"https:\/\/apsyge.fr\/index.php\/wp-json\/wp\/v2\/comments?post=37"}],"version-history":[{"count":2,"href":"https:\/\/apsyge.fr\/index.php\/wp-json\/wp\/v2\/pages\/37\/revisions"}],"predecessor-version":[{"id":64,"href":"https:\/\/apsyge.fr\/index.php\/wp-json\/wp\/v2\/pages\/37\/revisions\/64"}],"wp:attachment":[{"href":"https:\/\/apsyge.fr\/index.php\/wp-json\/wp\/v2\/media?parent=37"}],"curies":[{"name":"wp","href":"https:\/\/api.w.org\/{rel}","templated":true}]}}