{"id":36,"date":"2025-10-08T18:33:15","date_gmt":"2025-10-08T16:33:15","guid":{"rendered":"https:\/\/apsyge.fr\/?page_id=36"},"modified":"2025-11-08T19:56:58","modified_gmt":"2025-11-08T18:56:58","slug":"soirees-cliniques","status":"publish","type":"page","link":"https:\/\/apsyge.fr\/index.php\/soirees-cliniques\/","title":{"rendered":"Soir\u00e9es Cliniques"},"content":{"rendered":"<div class=\"wp-block-image\">\n<figure class=\"alignleft size-full is-resized\"><img loading=\"lazy\" decoding=\"async\" width=\"612\" height=\"612\" src=\"http:\/\/apsyge.fr\/wp-content\/uploads\/2025\/11\/istockphoto-1330778603-612x612-1.jpg\" alt=\"\" class=\"wp-image-105\" style=\"width:422px;height:auto\" srcset=\"https:\/\/apsyge.fr\/wp-content\/uploads\/2025\/11\/istockphoto-1330778603-612x612-1.jpg 612w, https:\/\/apsyge.fr\/wp-content\/uploads\/2025\/11\/istockphoto-1330778603-612x612-1-300x300.jpg 300w, https:\/\/apsyge.fr\/wp-content\/uploads\/2025\/11\/istockphoto-1330778603-612x612-1-150x150.jpg 150w\" sizes=\"auto, (max-width: 612px) 100vw, 612px\" \/><\/figure>\n<\/div>\n\n\n<p class=\"has-text-align-left\">Chaque ann\u00e9e, quelques membres de l\u2019aPSYG\u00e9 se retrouvent autour de th\u00e8mes qu\u2019ils souhaitent travailler.<\/p>\n\n\n\n<p>Nous \u00e9laborons notre pratique de psychologues cliniciennes autour de la th\u00e9orie.<\/p>\n\n\n\n<p>Notre groupe s\u2019ouvre en d\u00e9but d\u2019ann\u00e9e \u00e0 tous les adh\u00e9rents de l\u2019aPSYG\u00e9, pour ensuite se fermer afin de faciliter la dynamique groupale propre \u00e0 ce travail d\u2019articulation th\u00e9orico-clinique.<\/p>\n\n\n\n<p>L\u2019ann\u00e9e se cl\u00f4ture par une \u00ab&nbsp;soir\u00e9e clinique&nbsp;\u00bb qui pr\u00e9sente le fruit de ce travail collectif.<\/p>\n\n\n\n<p><\/p>\n","protected":false},"excerpt":{"rendered":"<p>Chaque ann\u00e9e, quelques membres de l\u2019aPSYG\u00e9 se retrouvent autour de th\u00e8mes qu\u2019ils souhaitent travailler. Nous \u00e9laborons notre pratique de psychologues cliniciennes autour de la th\u00e9orie. Notre groupe s\u2019ouvre en d\u00e9but d\u2019ann\u00e9e \u00e0 tous les adh\u00e9rents de l\u2019aPSYG\u00e9, pour ensuite se fermer afin de faciliter la dynamique groupale propre \u00e0 ce travail d\u2019articulation th\u00e9orico-clinique. L\u2019ann\u00e9e se [&hellip;]<\/p>\n","protected":false},"author":1,"featured_media":0,"parent":0,"menu_order":0,"comment_status":"closed","ping_status":"closed","template":"","meta":{"footnotes":""},"class_list":["post-36","page","type-page","status-publish","hentry"],"_links":{"self":[{"href":"https:\/\/apsyge.fr\/index.php\/wp-json\/wp\/v2\/pages\/36","targetHints":{"allow":["GET"]}}],"collection":[{"href":"https:\/\/apsyge.fr\/index.php\/wp-json\/wp\/v2\/pages"}],"about":[{"href":"https:\/\/apsyge.fr\/index.php\/wp-json\/wp\/v2\/types\/page"}],"author":[{"embeddable":true,"href":"https:\/\/apsyge.fr\/index.php\/wp-json\/wp\/v2\/users\/1"}],"replies":[{"embeddable":true,"href":"https:\/\/apsyge.fr\/index.php\/wp-json\/wp\/v2\/comments?post=36"}],"version-history":[{"count":3,"href":"https:\/\/apsyge.fr\/index.php\/wp-json\/wp\/v2\/pages\/36\/revisions"}],"predecessor-version":[{"id":116,"href":"https:\/\/apsyge.fr\/index.php\/wp-json\/wp\/v2\/pages\/36\/revisions\/116"}],"wp:attachment":[{"href":"https:\/\/apsyge.fr\/index.php\/wp-json\/wp\/v2\/media?parent=36"}],"curies":[{"name":"wp","href":"https:\/\/api.w.org\/{rel}","templated":true}]}}