{"id":35,"date":"2025-10-08T18:33:15","date_gmt":"2025-10-08T16:33:15","guid":{"rendered":"https:\/\/apsyge.fr\/?page_id=35"},"modified":"2025-11-16T19:08:47","modified_gmt":"2025-11-16T18:08:47","slug":"calendrier","status":"publish","type":"page","link":"https:\/\/apsyge.fr\/index.php\/calendrier\/","title":{"rendered":"Calendrier"},"content":{"rendered":"\n<div class=\"wp-block-group\"><div class=\"wp-block-group__inner-container is-layout-constrained wp-block-group-is-layout-constrained\">\n<p class=\"has-text-align-left has-small-font-size\">Notre association, soutenue par le fond de participation des habitants Bois d\u2019Artas, est heureuse de vous inviter \u00e0 une&nbsp;soir\u00e9e spectacle&nbsp;!&nbsp;<\/p>\n\n\n\n<p class=\"has-small-font-size\">R\u00e9servez d\u00e8s maintenant votre&nbsp;<strong>jeudi 4 d\u00e9cembre<\/strong>&nbsp;pour nous rejoindre \u00e0&nbsp;<strong>19h30&nbsp;<\/strong>\u00e0 la&nbsp;<strong>Maison des Habitants<\/strong>, <strong>3 rue Augereau \u00e0 Grenoble<\/strong>.&nbsp;<\/p>\n\n\n\n<p class=\"has-small-font-size\">La compagnie&nbsp;<strong>Zafou&#8217;rire<\/strong>&nbsp;nous jouera son spectacle &#8220;<em>Nos voix sont vos mots<\/em>&#8220;, d\u2019apr\u00e8s le livre &#8220;Semeuse de rire, une clowne en EHPAD&#8221;, de Ciccina Carvello.&nbsp;<\/p>\n\n\n\n<p class=\"has-small-font-size\">Une plong\u00e9e dans ce lieu encore associ\u00e9 \u00e0 une image n\u00e9gative, qui raconte avec humour et tendresse la rencontre avec l\u2019autre dans ce qu\u2019elle a de formidablement cr\u00e9atif.&nbsp;<\/p>\n\n\n\n<p class=\"has-small-font-size\">La repr\u00e9sentation sera suivie d\u2019un d\u00e9bat : Regard citoyen port\u00e9 sur la vieillesse. Nous cl\u00f4turerons la soir\u00e9e autour d&#8217;un verre de l\u2019amiti\u00e9.<\/p>\n<\/div><\/div>\n\n\n\n<p class=\"has-small-font-size\">Nous vous attendons nombreuses&nbsp;et nombreux.&nbsp;<\/p>\n\n\n\n<p class=\"has-small-font-size\">N&#8217;h\u00e9sitez pas \u00e0 en parler autour de vous.<\/p>\n\n\n\n<figure class=\"wp-block-image size-large\"><img loading=\"lazy\" decoding=\"async\" width=\"734\" height=\"1024\" src=\"https:\/\/apsyge.fr\/wp-content\/uploads\/2025\/11\/Affiche-Spectacle-APSYGE-ZAFOURIRE-1-1-2-pdf-734x1024.jpg\" alt=\"\" class=\"wp-image-123\"\/><\/figure>\n\n\n\n<p><\/p>\n","protected":false},"excerpt":{"rendered":"<p>Notre association, soutenue par le fond de participation des habitants Bois d\u2019Artas, est heureuse de vous inviter \u00e0 une&nbsp;soir\u00e9e spectacle&nbsp;!&nbsp; R\u00e9servez d\u00e8s maintenant votre&nbsp;jeudi 4 d\u00e9cembre&nbsp;pour nous rejoindre \u00e0&nbsp;19h30&nbsp;\u00e0 la&nbsp;Maison des Habitants, 3 rue Augereau \u00e0 Grenoble.&nbsp; La compagnie&nbsp;Zafou&#8217;rire&nbsp;nous jouera son spectacle &#8220;Nos voix sont vos mots&#8220;, d\u2019apr\u00e8s le livre &#8220;Semeuse de rire, une clowne [&hellip;]<\/p>\n","protected":false},"author":1,"featured_media":0,"parent":0,"menu_order":0,"comment_status":"closed","ping_status":"closed","template":"","meta":{"footnotes":""},"class_list":["post-35","page","type-page","status-publish","hentry"],"_links":{"self":[{"href":"https:\/\/apsyge.fr\/index.php\/wp-json\/wp\/v2\/pages\/35","targetHints":{"allow":["GET"]}}],"collection":[{"href":"https:\/\/apsyge.fr\/index.php\/wp-json\/wp\/v2\/pages"}],"about":[{"href":"https:\/\/apsyge.fr\/index.php\/wp-json\/wp\/v2\/types\/page"}],"author":[{"embeddable":true,"href":"https:\/\/apsyge.fr\/index.php\/wp-json\/wp\/v2\/users\/1"}],"replies":[{"embeddable":true,"href":"https:\/\/apsyge.fr\/index.php\/wp-json\/wp\/v2\/comments?post=35"}],"version-history":[{"count":4,"href":"https:\/\/apsyge.fr\/index.php\/wp-json\/wp\/v2\/pages\/35\/revisions"}],"predecessor-version":[{"id":125,"href":"https:\/\/apsyge.fr\/index.php\/wp-json\/wp\/v2\/pages\/35\/revisions\/125"}],"wp:attachment":[{"href":"https:\/\/apsyge.fr\/index.php\/wp-json\/wp\/v2\/media?parent=35"}],"curies":[{"name":"wp","href":"https:\/\/api.w.org\/{rel}","templated":true}]}}