{"id":22,"date":"2025-10-02T22:05:28","date_gmt":"2025-10-02T20:05:28","guid":{"rendered":"https:\/\/apsyge.fr\/?page_id=22"},"modified":"2026-04-10T12:28:44","modified_gmt":"2026-04-10T10:28:44","slug":"qui-sommes-nous","status":"publish","type":"page","link":"https:\/\/apsyge.fr\/index.php\/qui-sommes-nous\/","title":{"rendered":"Qui sommes-nous?"},"content":{"rendered":"\n<p><\/p>\n\n\n\n<p class=\"has-normal-font-size\" style=\"margin-top:0px;margin-bottom:0px\">Cr\u00e9e en 2001, \u00e0 la suite d&#8217;un collectif existant depuis 1993 au CHU de Grenoble, notre association a pour but de rassembler des psychologues investis dans la clinique g\u00e9rontologique.<\/p>\n\n\n\n<h2 class=\"wp-block-heading\"><\/h2>\n\n\n\n\n\n<h2 class=\"wp-block-heading\" style=\"font-size:33px;font-style:normal;font-weight:400\">Nos missions  :<\/h2>\n\n\n\n<p>Proposer un lieu de rencontre pour partager pratiques et r\u00e9flexions th\u00e9orico-cliniques entre psychologues et autres professionnels de la g\u00e9rontologie.<\/p>\n\n\n\n<p>Penser le r\u00f4le du psychologue en institution g\u00e9riatrique et le&nbsp; soutenir par le collectif.<\/p>\n\n\n\n<p>Promouvoir la dimension psychique au sein du r\u00e9seau g\u00e9rontologique.<\/p>\n\n\n\n<p>Vous pouvez nous joindre \u00e0 l&#8217;adresse mail :<strong> apsyge38@gmail.com<\/strong><\/p>\n\n\n\n<p><\/p>\n","protected":false},"excerpt":{"rendered":"<p>Cr\u00e9e en 2001, \u00e0 la suite d&#8217;un collectif existant depuis 1993 au CHU de Grenoble, notre association a pour but de rassembler des psychologues investis dans la clinique g\u00e9rontologique. Nos missions : Proposer un lieu de rencontre pour partager pratiques et r\u00e9flexions th\u00e9orico-cliniques entre psychologues et autres professionnels de la g\u00e9rontologie. Penser le r\u00f4le du [&hellip;]<\/p>\n","protected":false},"author":1,"featured_media":0,"parent":0,"menu_order":0,"comment_status":"closed","ping_status":"closed","template":"","meta":{"footnotes":""},"class_list":["post-22","page","type-page","status-publish","hentry"],"_links":{"self":[{"href":"https:\/\/apsyge.fr\/index.php\/wp-json\/wp\/v2\/pages\/22","targetHints":{"allow":["GET"]}}],"collection":[{"href":"https:\/\/apsyge.fr\/index.php\/wp-json\/wp\/v2\/pages"}],"about":[{"href":"https:\/\/apsyge.fr\/index.php\/wp-json\/wp\/v2\/types\/page"}],"author":[{"embeddable":true,"href":"https:\/\/apsyge.fr\/index.php\/wp-json\/wp\/v2\/users\/1"}],"replies":[{"embeddable":true,"href":"https:\/\/apsyge.fr\/index.php\/wp-json\/wp\/v2\/comments?post=22"}],"version-history":[{"count":11,"href":"https:\/\/apsyge.fr\/index.php\/wp-json\/wp\/v2\/pages\/22\/revisions"}],"predecessor-version":[{"id":128,"href":"https:\/\/apsyge.fr\/index.php\/wp-json\/wp\/v2\/pages\/22\/revisions\/128"}],"wp:attachment":[{"href":"https:\/\/apsyge.fr\/index.php\/wp-json\/wp\/v2\/media?parent=22"}],"curies":[{"name":"wp","href":"https:\/\/api.w.org\/{rel}","templated":true}]}}